{"id":1356,"date":"2020-11-13T08:17:25","date_gmt":"2020-11-13T08:17:25","guid":{"rendered":"https:\/\/bodegaelarcadenoe.com\/nuestros-vinos-tienda-online\/uncategorized\/arca-de-noe-%c2%b7-cuore-2019\/"},"modified":"2025-07-22T12:53:06","modified_gmt":"2025-07-22T11:53:06","slug":"arca-de-noe-%c2%b7-cuore-2019","status":"publish","type":"product","link":"https:\/\/bodegaelarcadenoe.com\/en\/our-wines-online-store\/arca-de-noe-en\/arca-de-noe-%c2%b7-cuore-2019\/","title":{"rendered":"Arca de No\u00e9 \u00b7 Cuore 2024"},"content":{"rendered":"<p><em>ARCA DE NO\u00c9 CUORE is a wine created to pay tribute to the typical San Asensio clarete (ros\u00e9) that eas being made around the time. El Arca de No\u00e9 was founded in 1953. It also bears the stamp of the &#8220;new blood&#8221; who have helped the winery progress to what it is today.<\/em><\/p>\n<p><em><strong>TYPE AND VINTAGE: <\/strong><\/em>Young Ros\u00e9 Wine 2024 D.O.Ca. RIOJA.<\/p>\n<p><em><strong>GRAPE VARIETY:<\/strong><\/em> Viura y Tempranillo.<\/p>\n<p><em><strong>WINEMAKING PROCESS<\/strong>: <\/em><\/p>\n<p>Traditional method used to make the famous SAN ASENSIO CLARETE mixing musts from Viura white and Tempranillo red grapes varieties in a proportion of 3 to 1. Fermentation of the clean must in stainless tanks while controlling temperature to preserve and enhance the typical aromas of the clarete.<\/p>\n<p>To give the wine additional sticky sweetness, it is left on the fine lees until we obtain the balsamic sensation observed on the palate during tasting.<\/p>\n<p>A fresh fruity wine just like our traditional clarete, but longer and more balsamic, bringing out all the fruit and flowers, and full of flavour in the mouth.<\/p>\n<p><em><strong>TASTING NOTES<\/strong><\/em><\/p>\n<ul class=\"fichavino_caracteristicas\">\n<li>COLOUR: Pale pink, Proven\u00e7al style.<\/li>\n<li>AROMA: Fresh fruit like peach, citrus, and delicate floral nuances that add complexity.<\/li>\n<li>TASTE: Acidity enhances its freshness, with abundant red fruit flavors and great length.<\/li>\n<li>AFTERTASTE: Fruity, floral, and spiced.<\/li>\n<\/ul>\n<hr class=\"fichavino\" \/>\n<ul class=\"fichavino_tipo\">\n<li style=\"text-align: left;\"><em>Degree: 13% Vol.<\/em><\/li>\n<li style=\"text-align: left;\"><em>Contains sulfites<\/em>.<em>Botell of 75cl<\/em><\/li>\n<li style=\"text-align: left;\"><em>Recommended consumption temperature: 8-10\u00baC<\/em><\/li>\n<li style=\"text-align: left;\">Storage: <em>In a cool, dry place away from the light<\/em>.<\/li>\n<\/ul>\n<hr class=\"fichavino\" \/>\n<p><span class=\"fichavino_descarga_icono\">\u25b7<\/span> <a href=\"https:\/\/bodegaelarcadenoe.com\/wp-content\/uploads\/2025\/07\/TASTINGNOTE_ARCACUORE_24.pdf\" target=\"_blank\" rel=\"noopener noreferrer\">Download tasting note<\/a><\/p>\n","protected":false},"excerpt":{"rendered":"<hr \/>\n","protected":false},"featured_media":623,"template":"","meta":{"_joinchat":[]},"product_brand":[],"product_cat":[107],"product_tag":[118,117],"class_list":{"0":"post-1356","1":"product","2":"type-product","3":"status-publish","4":"has-post-thumbnail","6":"product_cat-arca-de-noe-en","7":"product_tag-rosado-en","8":"product_tag-specials","10":"first","11":"instock","12":"taxable","13":"shipping-taxable","14":"purchasable","15":"product-type-variable"},"yoast_head":"<!-- This site is optimized with the Yoast SEO plugin v26.9 - https:\/\/yoast.com\/product\/yoast-seo-wordpress\/ -->\n<title>Arca de No\u00e9 \u00b7 Cuore 2024 - Bodega El Arca de No\u00e9<\/title>\n<meta name=\"robots\" content=\"index, follow, max-snippet:-1, max-image-preview:large, max-video-preview:-1\" \/>\n<link rel=\"canonical\" href=\"https:\/\/bodegaelarcadenoe.com\/en\/our-wines-online-store\/arca-de-noe-en\/arca-de-noe-%c2%b7-cuore-2019\/\" \/>\n<meta property=\"og:locale\" content=\"en_US\" \/>\n<meta property=\"og:type\" content=\"article\" \/>\n<meta property=\"og:title\" content=\"Arca de No\u00e9 \u00b7 Cuore 2024 - Bodega El Arca de No\u00e9\" \/>\n<meta property=\"og:url\" content=\"https:\/\/bodegaelarcadenoe.com\/en\/our-wines-online-store\/arca-de-noe-en\/arca-de-noe-%c2%b7-cuore-2019\/\" \/>\n<meta property=\"og:site_name\" content=\"Bodega El Arca de No\u00e9\" \/>\n<meta property=\"article:publisher\" content=\"https:\/\/www.facebook.com\/BodegaElArcaDeNoe\/\" \/>\n<meta property=\"article:modified_time\" content=\"2025-07-22T11:53:06+00:00\" \/>\n<meta property=\"og:image\" content=\"https:\/\/bodegaelarcadenoe.com\/wp-content\/uploads\/2020\/11\/@vinos-arca_de_noe-rosado_cuore-bodega_el_arca_de_noe.png\" \/>\n\t<meta property=\"og:image:width\" content=\"211\" \/>\n\t<meta property=\"og:image:height\" content=\"803\" \/>\n\t<meta property=\"og:image:type\" content=\"image\/png\" \/>\n<meta name=\"twitter:card\" content=\"summary_large_image\" \/>\n<meta name=\"twitter:site\" content=\"@bodegaarcadenoe\" \/>\n<meta name=\"twitter:label1\" content=\"Est. reading time\" \/>\n\t<meta name=\"twitter:data1\" content=\"2 minutes\" \/>\n<script type=\"application\/ld+json\" class=\"yoast-schema-graph\">{\"@context\":\"https:\/\/schema.org\",\"@graph\":[{\"@type\":\"WebPage\",\"@id\":\"https:\/\/bodegaelarcadenoe.com\/en\/our-wines-online-store\/arca-de-noe-en\/arca-de-noe-%c2%b7-cuore-2019\/\",\"url\":\"https:\/\/bodegaelarcadenoe.com\/en\/our-wines-online-store\/arca-de-noe-en\/arca-de-noe-%c2%b7-cuore-2019\/\",\"name\":\"Arca de No\u00e9 \u00b7 Cuore 2024 - Bodega El Arca de No\u00e9\",\"isPartOf\":{\"@id\":\"https:\/\/bodegaelarcadenoe.com\/en\/#website\"},\"primaryImageOfPage\":{\"@id\":\"https:\/\/bodegaelarcadenoe.com\/en\/our-wines-online-store\/arca-de-noe-en\/arca-de-noe-%c2%b7-cuore-2019\/#primaryimage\"},\"image\":{\"@id\":\"https:\/\/bodegaelarcadenoe.com\/en\/our-wines-online-store\/arca-de-noe-en\/arca-de-noe-%c2%b7-cuore-2019\/#primaryimage\"},\"thumbnailUrl\":\"https:\/\/bodegaelarcadenoe.com\/wp-content\/uploads\/2020\/11\/@vinos-arca_de_noe-rosado_cuore-bodega_el_arca_de_noe.png\",\"datePublished\":\"2020-11-13T08:17:25+00:00\",\"dateModified\":\"2025-07-22T11:53:06+00:00\",\"breadcrumb\":{\"@id\":\"https:\/\/bodegaelarcadenoe.com\/en\/our-wines-online-store\/arca-de-noe-en\/arca-de-noe-%c2%b7-cuore-2019\/#breadcrumb\"},\"inLanguage\":\"en-US\",\"potentialAction\":[{\"@type\":\"ReadAction\",\"target\":[\"https:\/\/bodegaelarcadenoe.com\/en\/our-wines-online-store\/arca-de-noe-en\/arca-de-noe-%c2%b7-cuore-2019\/\"]}]},{\"@type\":\"ImageObject\",\"inLanguage\":\"en-US\",\"@id\":\"https:\/\/bodegaelarcadenoe.com\/en\/our-wines-online-store\/arca-de-noe-en\/arca-de-noe-%c2%b7-cuore-2019\/#primaryimage\",\"url\":\"https:\/\/bodegaelarcadenoe.com\/wp-content\/uploads\/2020\/11\/@vinos-arca_de_noe-rosado_cuore-bodega_el_arca_de_noe.png\",\"contentUrl\":\"https:\/\/bodegaelarcadenoe.com\/wp-content\/uploads\/2020\/11\/@vinos-arca_de_noe-rosado_cuore-bodega_el_arca_de_noe.png\",\"width\":211,\"height\":803,\"caption\":\"Arca de No\u00e9 \u00b7 Cuore Rosado 2019\"},{\"@type\":\"BreadcrumbList\",\"@id\":\"https:\/\/bodegaelarcadenoe.com\/en\/our-wines-online-store\/arca-de-noe-en\/arca-de-noe-%c2%b7-cuore-2019\/#breadcrumb\",\"itemListElement\":[{\"@type\":\"ListItem\",\"position\":1,\"name\":\"Portada\",\"item\":\"https:\/\/bodegaelarcadenoe.com\/en\/\"},{\"@type\":\"ListItem\",\"position\":2,\"name\":\"Our Wines | Shop online\",\"item\":\"https:\/\/bodegaelarcadenoe.com\/en\/shop\/\"},{\"@type\":\"ListItem\",\"position\":3,\"name\":\"Arca de No\u00e9 \u00b7 Cuore 2024\"}]},{\"@type\":\"WebSite\",\"@id\":\"https:\/\/bodegaelarcadenoe.com\/en\/#website\",\"url\":\"https:\/\/bodegaelarcadenoe.com\/en\/\",\"name\":\"Bodega El Arca de No\u00e9\",\"description\":\"\u00a1S\u00fabete al Arca con nosotros!\",\"publisher\":{\"@id\":\"https:\/\/bodegaelarcadenoe.com\/en\/#organization\"},\"potentialAction\":[{\"@type\":\"SearchAction\",\"target\":{\"@type\":\"EntryPoint\",\"urlTemplate\":\"https:\/\/bodegaelarcadenoe.com\/en\/?s={search_term_string}\"},\"query-input\":{\"@type\":\"PropertyValueSpecification\",\"valueRequired\":true,\"valueName\":\"search_term_string\"}}],\"inLanguage\":\"en-US\"},{\"@type\":\"Organization\",\"@id\":\"https:\/\/bodegaelarcadenoe.com\/en\/#organization\",\"name\":\"Bodega El Arca de No\u00e9\",\"url\":\"https:\/\/bodegaelarcadenoe.com\/en\/\",\"logo\":{\"@type\":\"ImageObject\",\"inLanguage\":\"en-US\",\"@id\":\"https:\/\/bodegaelarcadenoe.com\/en\/#\/schema\/logo\/image\/\",\"url\":\"https:\/\/bodegaelarcadenoe.com\/wp-content\/uploads\/2020\/07\/logo-bodega_el_arca_de_noe-desde_1953-@2.png\",\"contentUrl\":\"https:\/\/bodegaelarcadenoe.com\/wp-content\/uploads\/2020\/07\/logo-bodega_el_arca_de_noe-desde_1953-@2.png\",\"width\":230,\"height\":230,\"caption\":\"Bodega El Arca de No\u00e9\"},\"image\":{\"@id\":\"https:\/\/bodegaelarcadenoe.com\/en\/#\/schema\/logo\/image\/\"},\"sameAs\":[\"https:\/\/www.facebook.com\/BodegaElArcaDeNoe\/\",\"https:\/\/x.com\/bodegaarcadenoe\",\"https:\/\/www.instagram.com\/bodegaelarcadenoe\/?utm_source=ig_embed\"]}]}<\/script>\n<!-- \/ Yoast SEO plugin. -->","yoast_head_json":{"title":"Arca de No\u00e9 \u00b7 Cuore 2024 - Bodega El Arca de No\u00e9","robots":{"index":"index","follow":"follow","max-snippet":"max-snippet:-1","max-image-preview":"max-image-preview:large","max-video-preview":"max-video-preview:-1"},"canonical":"https:\/\/bodegaelarcadenoe.com\/en\/our-wines-online-store\/arca-de-noe-en\/arca-de-noe-%c2%b7-cuore-2019\/","og_locale":"en_US","og_type":"article","og_title":"Arca de No\u00e9 \u00b7 Cuore 2024 - Bodega El Arca de No\u00e9","og_url":"https:\/\/bodegaelarcadenoe.com\/en\/our-wines-online-store\/arca-de-noe-en\/arca-de-noe-%c2%b7-cuore-2019\/","og_site_name":"Bodega El Arca de No\u00e9","article_publisher":"https:\/\/www.facebook.com\/BodegaElArcaDeNoe\/","article_modified_time":"2025-07-22T11:53:06+00:00","og_image":[{"width":211,"height":803,"url":"https:\/\/bodegaelarcadenoe.com\/wp-content\/uploads\/2020\/11\/@vinos-arca_de_noe-rosado_cuore-bodega_el_arca_de_noe.png","type":"image\/png"}],"twitter_card":"summary_large_image","twitter_site":"@bodegaarcadenoe","twitter_misc":{"Est. reading time":"2 minutes"},"schema":{"@context":"https:\/\/schema.org","@graph":[{"@type":"WebPage","@id":"https:\/\/bodegaelarcadenoe.com\/en\/our-wines-online-store\/arca-de-noe-en\/arca-de-noe-%c2%b7-cuore-2019\/","url":"https:\/\/bodegaelarcadenoe.com\/en\/our-wines-online-store\/arca-de-noe-en\/arca-de-noe-%c2%b7-cuore-2019\/","name":"Arca de No\u00e9 \u00b7 Cuore 2024 - Bodega El Arca de No\u00e9","isPartOf":{"@id":"https:\/\/bodegaelarcadenoe.com\/en\/#website"},"primaryImageOfPage":{"@id":"https:\/\/bodegaelarcadenoe.com\/en\/our-wines-online-store\/arca-de-noe-en\/arca-de-noe-%c2%b7-cuore-2019\/#primaryimage"},"image":{"@id":"https:\/\/bodegaelarcadenoe.com\/en\/our-wines-online-store\/arca-de-noe-en\/arca-de-noe-%c2%b7-cuore-2019\/#primaryimage"},"thumbnailUrl":"https:\/\/bodegaelarcadenoe.com\/wp-content\/uploads\/2020\/11\/@vinos-arca_de_noe-rosado_cuore-bodega_el_arca_de_noe.png","datePublished":"2020-11-13T08:17:25+00:00","dateModified":"2025-07-22T11:53:06+00:00","breadcrumb":{"@id":"https:\/\/bodegaelarcadenoe.com\/en\/our-wines-online-store\/arca-de-noe-en\/arca-de-noe-%c2%b7-cuore-2019\/#breadcrumb"},"inLanguage":"en-US","potentialAction":[{"@type":"ReadAction","target":["https:\/\/bodegaelarcadenoe.com\/en\/our-wines-online-store\/arca-de-noe-en\/arca-de-noe-%c2%b7-cuore-2019\/"]}]},{"@type":"ImageObject","inLanguage":"en-US","@id":"https:\/\/bodegaelarcadenoe.com\/en\/our-wines-online-store\/arca-de-noe-en\/arca-de-noe-%c2%b7-cuore-2019\/#primaryimage","url":"https:\/\/bodegaelarcadenoe.com\/wp-content\/uploads\/2020\/11\/@vinos-arca_de_noe-rosado_cuore-bodega_el_arca_de_noe.png","contentUrl":"https:\/\/bodegaelarcadenoe.com\/wp-content\/uploads\/2020\/11\/@vinos-arca_de_noe-rosado_cuore-bodega_el_arca_de_noe.png","width":211,"height":803,"caption":"Arca de No\u00e9 \u00b7 Cuore Rosado 2019"},{"@type":"BreadcrumbList","@id":"https:\/\/bodegaelarcadenoe.com\/en\/our-wines-online-store\/arca-de-noe-en\/arca-de-noe-%c2%b7-cuore-2019\/#breadcrumb","itemListElement":[{"@type":"ListItem","position":1,"name":"Portada","item":"https:\/\/bodegaelarcadenoe.com\/en\/"},{"@type":"ListItem","position":2,"name":"Our Wines | Shop online","item":"https:\/\/bodegaelarcadenoe.com\/en\/shop\/"},{"@type":"ListItem","position":3,"name":"Arca de No\u00e9 \u00b7 Cuore 2024"}]},{"@type":"WebSite","@id":"https:\/\/bodegaelarcadenoe.com\/en\/#website","url":"https:\/\/bodegaelarcadenoe.com\/en\/","name":"Bodega El Arca de No\u00e9","description":"\u00a1S\u00fabete al Arca con nosotros!","publisher":{"@id":"https:\/\/bodegaelarcadenoe.com\/en\/#organization"},"potentialAction":[{"@type":"SearchAction","target":{"@type":"EntryPoint","urlTemplate":"https:\/\/bodegaelarcadenoe.com\/en\/?s={search_term_string}"},"query-input":{"@type":"PropertyValueSpecification","valueRequired":true,"valueName":"search_term_string"}}],"inLanguage":"en-US"},{"@type":"Organization","@id":"https:\/\/bodegaelarcadenoe.com\/en\/#organization","name":"Bodega El Arca de No\u00e9","url":"https:\/\/bodegaelarcadenoe.com\/en\/","logo":{"@type":"ImageObject","inLanguage":"en-US","@id":"https:\/\/bodegaelarcadenoe.com\/en\/#\/schema\/logo\/image\/","url":"https:\/\/bodegaelarcadenoe.com\/wp-content\/uploads\/2020\/07\/logo-bodega_el_arca_de_noe-desde_1953-@2.png","contentUrl":"https:\/\/bodegaelarcadenoe.com\/wp-content\/uploads\/2020\/07\/logo-bodega_el_arca_de_noe-desde_1953-@2.png","width":230,"height":230,"caption":"Bodega El Arca de No\u00e9"},"image":{"@id":"https:\/\/bodegaelarcadenoe.com\/en\/#\/schema\/logo\/image\/"},"sameAs":["https:\/\/www.facebook.com\/BodegaElArcaDeNoe\/","https:\/\/x.com\/bodegaarcadenoe","https:\/\/www.instagram.com\/bodegaelarcadenoe\/?utm_source=ig_embed"]}]}},"_links":{"self":[{"href":"https:\/\/bodegaelarcadenoe.com\/en\/wp-json\/wp\/v2\/product\/1356","targetHints":{"allow":["GET"]}}],"collection":[{"href":"https:\/\/bodegaelarcadenoe.com\/en\/wp-json\/wp\/v2\/product"}],"about":[{"href":"https:\/\/bodegaelarcadenoe.com\/en\/wp-json\/wp\/v2\/types\/product"}],"wp:featuredmedia":[{"embeddable":true,"href":"https:\/\/bodegaelarcadenoe.com\/en\/wp-json\/wp\/v2\/media\/623"}],"wp:attachment":[{"href":"https:\/\/bodegaelarcadenoe.com\/en\/wp-json\/wp\/v2\/media?parent=1356"}],"wp:term":[{"taxonomy":"product_brand","embeddable":true,"href":"https:\/\/bodegaelarcadenoe.com\/en\/wp-json\/wp\/v2\/product_brand?post=1356"},{"taxonomy":"product_cat","embeddable":true,"href":"https:\/\/bodegaelarcadenoe.com\/en\/wp-json\/wp\/v2\/product_cat?post=1356"},{"taxonomy":"product_tag","embeddable":true,"href":"https:\/\/bodegaelarcadenoe.com\/en\/wp-json\/wp\/v2\/product_tag?post=1356"}],"curies":[{"name":"wp","href":"https:\/\/api.w.org\/{rel}","templated":true}]}}